{"id":1579,"date":"2014-01-21T10:04:25","date_gmt":"2014-01-21T10:04:25","guid":{"rendered":"http:\/\/www.heidenpeter.de\/impressum-2\/"},"modified":"2025-07-29T12:01:04","modified_gmt":"2025-07-29T12:01:04","slug":"impressum","status":"publish","type":"page","link":"https:\/\/www.heidenpeter.de\/en\/impressum\/","title":{"rendered":"Impressum"},"content":{"rendered":"<p>HEIDENPETER GmbH &amp; Co. KG<br \/>\nKenkhauser Str. 6-8<br \/>\nD-42929 Wermelskirchen<br \/>\nE-Mail:\u00a0<a href=\"mailto:info@heidenpeter.de\">info@heidenpeter.de<\/a><\/p>\n<table cellpadding=\"0\" cellspacing=\"0\" border=\"0\" width=\"300\">\n<tbody>\n<tr>\n<td valign=\"top\" width=\"69\">Tel.:<\/td>\n<td width=\"231\">(0 21 96) 24 39<br \/>\n(0 21 96) 88 32 78<\/td>\n<\/tr>\n<tr>\n<td valign=\"top\">Fax:<\/td>\n<td>(0 21 96) 8 26 71<br \/>\n(0 21 96) 88 34 87<\/td>\n<\/tr>\n<\/tbody>\n<\/table>\n<p><strong>Verantwortlich f\u00fcr den Inhalt nach \u00a7 55 Abs. 2 RStV:<\/strong><br \/>\nGesch\u00e4ftsf\u00fchrer:\u00a0Norbert Jordan<\/p>\n<p><strong>Umsatzsteuer-ID:<br \/>\n<\/strong>Umsatzsteuer-Identifikationsnummer gem\u00e4\u00df \u00a727 a Umsatzsteuergesetz:<br \/>\nUSt.-ID-Nr.: DE 220 953 550<br \/>\nHandelregister-Nr: HRA 22735<br \/>\nAmtsgericht K\u00f6ln<\/p>\n<p>vertreten durch die pers\u00f6nlich haftende Gesellschafterin<br \/>\nHeidenpeter Beteiligungs-GmbH<br \/>\ndiese vertr. d. d. Gesch\u00e4ftsf\u00fchrer Norbert Jordan<br \/>\nKenkhauser Str. 6-8, 42929 Wermelskirchen, Deutschland<br \/>\neingetragen im Handelsregister des Amtsgerichtes K\u00f6ln<br \/>\nHandelsregisternummer HRB 55021<\/p>\n<p><strong>Verbraucher\u00adstreit\u00adbeilegung\/Universal\u00adschlichtungs\u00adstelle<br \/>\n<\/strong>Wir sind nicht bereit oder verpflichtet, an Streitbeilegungsverfahren vor einer Verbraucherschlichtungsstelle teilzunehmen.<\/p>\n<p><a title=\"Google Analytics Datenschutzhinweis\" href=\"http:\/\/www.heidenpeter.de\/impressum\/google-analytics-datenschutzhinweis\/\"><strong>Google Analytics Datenschutz Hinweis<\/strong><\/a><\/p>\n<hr \/>\n<h2>Webdesign:<\/h2>\n<p><strong><a href=\"http:\/\/www.qualitaeter.de\" target=\"_blank\" rel=\"noopener\"><img decoding=\"async\" src=\"http:\/\/www.heidenpeter.de\/wp-content\/uploads\/2014\/01\/LawrenzBlocklogo-150x150.jpg\" alt=\"LawrenzBlocklogo\" class=\"alignleft size-thumbnail wp-image-217\" height=\"150\" width=\"150\" srcset=\"https:\/\/www.heidenpeter.de\/wp-content\/uploads\/2014\/01\/LawrenzBlocklogo-150x150.jpg 150w, https:\/\/www.heidenpeter.de\/wp-content\/uploads\/2014\/01\/LawrenzBlocklogo-300x300.jpg 300w, https:\/\/www.heidenpeter.de\/wp-content\/uploads\/2014\/01\/LawrenzBlocklogo-60x60.jpg 60w, https:\/\/www.heidenpeter.de\/wp-content\/uploads\/2014\/01\/LawrenzBlocklogo.jpg 600w\" sizes=\"(max-width: 150px) 100vw, 150px\" \/><\/a>Werbeagentur LAWRENZ \u2013 Die Qualit\u00e4ter<br \/>\n<\/strong>Inhaber: Klaus Lawrenz<br \/>\nGro\u00dfdresbach 5 | 51491 Overath<br \/>\nTelefon: 02204\/768698<br \/>\nTelefax: 02202\/768699<br \/>\n<a title=\"Werbeagentur LAWRENZ\" href=\"http:\/\/www.qualitaeter.de\/\" target=\"_blank\" rel=\"noopener\">www.qualitaeter.de<br \/>\n<\/a><a title=\"E-Mail\" href=\"mailto:info@qualitaeter.de\" target=\"_blank\" rel=\"noopener\">E-Mail\u00a0<\/a><\/p>\n<hr \/>\n<h2>Fotografie:<\/h2>\n<p><strong><a href=\"http:\/\/www.freistil-foto.de\"><img decoding=\"async\" src=\"http:\/\/www.heidenpeter.de\/wp-content\/uploads\/2014\/01\/freistil_fotografie.jpg\" alt=\"freistil_fotografie\" class=\"alignleft size-full wp-image-605\" height=\"150\" width=\"150\" srcset=\"https:\/\/www.heidenpeter.de\/wp-content\/uploads\/2014\/01\/freistil_fotografie.jpg 150w, https:\/\/www.heidenpeter.de\/wp-content\/uploads\/2014\/01\/freistil_fotografie-60x60.jpg 60w\" sizes=\"(max-width: 150px) 100vw, 150px\" \/><\/a>Freistil Fotografie e. K.<br \/>\n<\/strong>Inhaberin: Anette Hammer<br \/>\nSchloss L\u00fcntenbeck | 42327 Wuppertal<br \/>\nTelefon: 0202\/6950950<br \/>\n<a href=\"http:\/\/www.freistil-foto.de\" title=\"Freistil Fotografie\" target=\"_blank\" rel=\"noopener\">www.freistil-foto.de<\/a><a title=\"Werbeagentur LAWRENZ\" href=\"http:\/\/www.qualitaeter.de\/\" target=\"_blank\" rel=\"noopener\"><br \/>\n<\/a><a title=\"E-Mail\" href=\"mailto:info@freistil-foto.de\" target=\"_blank\" rel=\"noopener\">E-Mail\u00a0<\/a><\/p>\n<hr \/>\n<h2>Haftungsausschluss:<\/h2>\n<p><strong>1. Inhalt des Onlineangebotes<\/strong><br \/>\nDer Autor \u00fcbernimmt keinerlei Gew\u00e4hr f\u00fcr die Aktualit\u00e4t, Korrektheit, Vollst\u00e4ndigkeit oder Qualit\u00e4t der bereitgestellten Informationen. Haftungsanspr\u00fcche gegen den Autor, welche sich auf Sch\u00e4den materieller oder ideeller Art beziehen, die durch die Nutzung oder Nichtnutzung der dargebotenen Informationen bzw. durch die Nutzung fehlerhafter und unvollst\u00e4ndiger Informationen verursacht wurden, sind grunds\u00e4tzlich ausgeschlossen, sofern seitens des Autors kein nachweislich vors\u00e4tzliches oder grob fahrl\u00e4ssiges Verschulden vorliegt.<br \/>\nAlle Angebote sind freibleibend und unverbindlich. Der Autor beh\u00e4lt es sich ausdr\u00fccklich vor, Teile der Seiten oder das gesamte Angebot ohne gesonderte Ank\u00fcndigung zu ver\u00e4ndern, zu erg\u00e4nzen, zu l\u00f6schen oder die Ver\u00f6ffentlichung zeitweise oder endg\u00fcltig einzustellen.<\/p>\n<p><strong>2. Verweise und Links<\/strong><br \/>\nBei direkten oder indirekten Verweisen auf fremde Webseiten (&#8220;Hyperlinks&#8221;), die au\u00dferhalb des Verantwortungsbereiches des Autors liegen, w\u00fcrde eine Haftungsverpflichtung ausschlie\u00dflich in dem Fall in Kraft treten, in dem der Autor von den Inhalten Kenntnis hat und es ihm technisch m\u00f6glich und zumutbar w\u00e4re, die Nutzung im Falle rechtswidriger Inhalte zu verhindern.<br \/>\nDer Autor erkl\u00e4rt hiermit ausdr\u00fccklich, dass zum Zeitpunkt der Linksetzung keine illegalen Inhalte auf den zu verlinkenden Seiten erkennbar waren. Auf die aktuelle und zuk\u00fcnftige Gestaltung, die Inhalte oder die Urheberschaft der verlinkten\/verkn\u00fcpften Seiten hat der Autor keinerlei Einfluss. Deshalb distanziert er sich hiermit ausdr\u00fccklich von allen Inhalten aller verlinkten \/verkn\u00fcpften Seiten, die nach der Linksetzung ver\u00e4ndert wurden. Diese Feststellung gilt f\u00fcr alle innerhalb des eigenen Internetangebotes gesetzten Links und Verweise sowie f\u00fcr Fremdeintr\u00e4ge in vom Autor eingerichteten G\u00e4steb\u00fcchern, Diskussionsforen, Linkverzeichnissen, Mailinglisten und in allen anderen Formen von Datenbanken, auf deren Inhalt externe Schreibzugriffe m\u00f6glich sind. F\u00fcr illegale, fehlerhafte oder unvollst\u00e4ndige Inhalte und insbesondere f\u00fcr Sch\u00e4den, die aus der Nutzung oder Nichtnutzung solcherart dargebotener Informationen entstehen, haftet allein der Anbieter der Seite, auf welche verwiesen wurde, nicht derjenige, der \u00fcber Links auf die jeweilige Ver\u00f6ffentlichung lediglich verweist.<\/p>\n<p><strong>3. Urheber- und Kennzeichenrecht<\/strong><br \/>\nDer Autor ist bestrebt, in allen Publikationen die Urheberrechte der verwendeten Bilder, Grafiken, Tondokumente, Videosequenzen und Texte zu beachten, von ihm selbst erstellte Bilder, Grafiken, Tondokumente, Videosequenzen und Texte zu nutzen oder auf lizenzfreie Grafiken, Tondokumente, Videosequenzen und Texte zur\u00fcckzugreifen.<br \/>\nAlle innerhalb des Internetangebotes genannten und ggf. durch Dritte gesch\u00fctzten Marken- und Warenzeichen unterliegen uneingeschr\u00e4nkt den Bestimmungen des jeweils g\u00fcltigen Kennzeichenrechts und den Besitzrechten der jeweiligen eingetragenen Eigent\u00fcmer. Allein aufgrund der blo\u00dfen Nennung ist nicht der Schluss zu ziehen, dass Markenzeichen nicht durch Rechte Dritter gesch\u00fctzt sind!<br \/>\nDas Copyright f\u00fcr ver\u00f6ffentlichte, vom Autor selbst erstellte Objekte bleibt allein beim Autor der Seiten. Eine Vervielf\u00e4ltigung oder Verwendung solcher Grafiken, Tondokumente, Videosequenzen und Texte in anderen elektronischen oder gedruckten Publikationen ist ohne ausdr\u00fcckliche Zustimmung des Autors nicht gestattet.<\/p>\n<p><strong>4. Rechtswirksamkeit dieses Haftungsausschlusses<\/strong><br \/>\nDieser Haftungsausschluss ist als Teil des Internetangebotes zu betrachten, von dem aus auf diese Seite verwiesen wurde. Sofern Teile oder einzelne Formulierungen dieses Textes der geltenden Rechtslage nicht, nicht mehr oder nicht vollst\u00e4ndig entsprechen sollten, bleiben die \u00fcbrigen Teile des Dokumentes in ihrem Inhalt und ihrer G\u00fcltigkeit davon unber\u00fchrt.<\/p>\n<p><strong><a href=\"http:\/\/www.heidenpeter.de\/datenschutzerklaerung\/\">Datenschutz<\/a><\/strong><\/p>\n","protected":false},"excerpt":{"rendered":"<p>HEIDENPETER GmbH &amp; Co. KG Kenkhauser Str. 6-8 D-42929 Wermelskirchen E-Mail:\u00a0info@heidenpeter.de Tel.: (0 21 96) 24 39 (0 21 96) 88 32 78 Fax: (0 21 96) 8 26 71 (0 21 96) 88 34 87 Verantwortlich f\u00fcr den Inhalt nach \u00a7 55 Abs. 2 RStV: Gesch\u00e4ftsf\u00fchrer:\u00a0Norbert Jordan Umsatzsteuer-ID: Umsatzsteuer-Identifikationsnummer gem\u00e4\u00df \u00a727 a Umsatzsteuergesetz: USt.-ID-Nr.: DE 220 953 550 Handelregister-Nr: HRA 22735 Amtsgericht K\u00f6ln vertreten durch die pers\u00f6nlich haftende Gesellschafterin Heidenpeter Beteiligungs-GmbH diese vertr. d. d. Gesch\u00e4ftsf\u00fchrer Norbert Jordan Kenkhauser Str. 6-8, 42929 Wermelskirchen, Deutschland eingetragen im Handelsregister des Amtsgerichtes K\u00f6ln Handelsregisternummer HRB 55021 Verbraucher\u00adstreit\u00adbeilegung\/Universal\u00adschlichtungs\u00adstelle Wir sind nicht bereit oder [&hellip;]<\/p>\n","protected":false},"author":4,"featured_media":0,"parent":0,"menu_order":0,"comment_status":"closed","ping_status":"closed","template":"","meta":{"footnotes":""},"class_list":["post-1579","page","type-page","status-publish","hentry"],"_links":{"self":[{"href":"https:\/\/www.heidenpeter.de\/en\/wp-json\/wp\/v2\/pages\/1579","targetHints":{"allow":["GET"]}}],"collection":[{"href":"https:\/\/www.heidenpeter.de\/en\/wp-json\/wp\/v2\/pages"}],"about":[{"href":"https:\/\/www.heidenpeter.de\/en\/wp-json\/wp\/v2\/types\/page"}],"author":[{"embeddable":true,"href":"https:\/\/www.heidenpeter.de\/en\/wp-json\/wp\/v2\/users\/4"}],"replies":[{"embeddable":true,"href":"https:\/\/www.heidenpeter.de\/en\/wp-json\/wp\/v2\/comments?post=1579"}],"version-history":[{"count":5,"href":"https:\/\/www.heidenpeter.de\/en\/wp-json\/wp\/v2\/pages\/1579\/revisions"}],"predecessor-version":[{"id":2028,"href":"https:\/\/www.heidenpeter.de\/en\/wp-json\/wp\/v2\/pages\/1579\/revisions\/2028"}],"wp:attachment":[{"href":"https:\/\/www.heidenpeter.de\/en\/wp-json\/wp\/v2\/media?parent=1579"}],"curies":[{"name":"wp","href":"https:\/\/api.w.org\/{rel}","templated":true}]}}